{"id":16,"date":"2024-05-20T17:09:28","date_gmt":"2024-05-20T17:09:28","guid":{"rendered":"https:\/\/boorukerbol.com\/?page_id=16"},"modified":"2024-05-20T17:14:59","modified_gmt":"2024-05-20T17:14:59","slug":"hakkimizda","status":"publish","type":"page","link":"https:\/\/boorukerbol.com\/index.php\/hakkimizda\/","title":{"rendered":"Hakk\u0131m\u0131zda"},"content":{"rendered":"<p>Booruker Bol Sosyal Yard\u0131m Vakf\u0131, T\u00dcRK\u0130YE CUMHUR\u0130YET\u0130 ile KIRGIZ\u0130STAN CUMHUR\u0130YET\u0130 aras\u0131ndaki mevcut ili\u015fkilerden yola \u00e7\u0131karak, bar\u0131\u015f, karde\u015flik ve dostluk i\u015fbirli\u011fini geli\u015ftirmek; ulusal ve uluslar aras\u0131 kurumlar ile bu ama\u00e7la kurulmu\u015f di\u011fer dernek, vak\u0131f ve temsilciliklerin \u00e7al\u0131\u015fmalar\u0131n\u0131 desteklemek, i\u015fbirli\u011fi yapmak,; iki k\u00fclt\u00fcr\u00fc ve \u00fclkeyi kar\u015f\u0131l\u0131kl\u0131 tan\u0131tarak, kar\u015f\u0131l\u0131kl\u0131 burs, akademisyen ve \u00f6\u011frenci de\u011fi\u015fimi programlar\u0131 d\u00fczenlemek, seminer ve benzeri akademik konferanslar organize etmek; k\u00fclt\u00fcr, sanat, sosyal, ekonomik, e\u011fitim, sa\u011fl\u0131k, bilim ve spor alanlar\u0131nda i\u015fbirliklerini geli\u015ftirmek, i\u015f birli\u011fi yapmalar\u0131 i\u00e7in birbirlerine yakla\u015fmalar\u0131n\u0131 desteklemek ve bu konuda \u00e7al\u0131\u015fmalar y\u00fcr\u00fctmek; ortak \u00fcretim, turizm, ticaret vb. alanlarda i\u015fbirli\u011fi yapabilmesi i\u00e7in uygun platformlar\u0131n olu\u015fturulmas\u0131 \u00e7al\u0131\u015fmalar\u0131na katk\u0131 sa\u011flamak ve programlar organize etmek .<\/p>\n","protected":false},"excerpt":{"rendered":"<p>Booruker Bol Sosyal Yard\u0131m Vakf\u0131, T\u00dcRK\u0130YE CUMHUR\u0130YET\u0130 ile KIRGIZ\u0130STAN CUMHUR\u0130YET\u0130 aras\u0131ndaki mevcut ili\u015fkilerden yola \u00e7\u0131karak, bar\u0131\u015f, karde\u015flik ve dostluk i\u015fbirli\u011fini geli\u015ftirmek; ulusal ve uluslar aras\u0131 kurumlar ile bu ama\u00e7la kurulmu\u015f di\u011fer dernek, vak\u0131f ve temsilciliklerin \u00e7al\u0131\u015fmalar\u0131n\u0131 desteklemek, i\u015fbirli\u011fi yapmak,; iki k\u00fclt\u00fcr\u00fc ve \u00fclkeyi kar\u015f\u0131l\u0131kl\u0131 tan\u0131tarak, kar\u015f\u0131l\u0131kl\u0131 burs, akademisyen ve \u00f6\u011frenci de\u011fi\u015fimi programlar\u0131 d\u00fczenlemek, seminer ve &hellip; <\/p>\n<p class=\"link-more\"><a href=\"https:\/\/boorukerbol.com\/index.php\/hakkimizda\/\" class=\"more-link\">Okumaya devam et<span class=\"screen-reader-text\"> &#8220;Hakk\u0131m\u0131zda&#8221;<\/span><\/a><\/p>\n","protected":false},"author":1,"featured_media":0,"parent":0,"menu_order":0,"comment_status":"closed","ping_status":"closed","template":"","meta":{"footnotes":""},"class_list":["post-16","page","type-page","status-publish","hentry"],"jetpack_sharing_enabled":true,"_links":{"self":[{"href":"https:\/\/boorukerbol.com\/index.php\/wp-json\/wp\/v2\/pages\/16","targetHints":{"allow":["GET"]}}],"collection":[{"href":"https:\/\/boorukerbol.com\/index.php\/wp-json\/wp\/v2\/pages"}],"about":[{"href":"https:\/\/boorukerbol.com\/index.php\/wp-json\/wp\/v2\/types\/page"}],"author":[{"embeddable":true,"href":"https:\/\/boorukerbol.com\/index.php\/wp-json\/wp\/v2\/users\/1"}],"replies":[{"embeddable":true,"href":"https:\/\/boorukerbol.com\/index.php\/wp-json\/wp\/v2\/comments?post=16"}],"version-history":[{"count":2,"href":"https:\/\/boorukerbol.com\/index.php\/wp-json\/wp\/v2\/pages\/16\/revisions"}],"predecessor-version":[{"id":40,"href":"https:\/\/boorukerbol.com\/index.php\/wp-json\/wp\/v2\/pages\/16\/revisions\/40"}],"wp:attachment":[{"href":"https:\/\/boorukerbol.com\/index.php\/wp-json\/wp\/v2\/media?parent=16"}],"curies":[{"name":"wp","href":"https:\/\/api.w.org\/{rel}","templated":true}]}}